{"id":103,"date":"2022-01-18T12:02:42","date_gmt":"2022-01-18T11:02:42","guid":{"rendered":"https:\/\/bmarc-conseil.com\/?page_id=103"},"modified":"2022-02-01T11:31:09","modified_gmt":"2022-02-01T10:31:09","slug":"pilotage-de-projets","status":"publish","type":"page","link":"https:\/\/bmarc-conseil.com\/index.php\/pilotage-de-projets\/","title":{"rendered":"Direction de projets"},"content":{"rendered":"\n<blockquote class=\"wp-block-quote\"><p><em>&#8220;Ce qui est remarquable dans l&#8217;approche, c&#8217;est de tenir le cap sur l&#8217;objectif final, mais en m\u00eame temps, de conserver un \u0153il sur les d\u00e9tails d&#8217;ex\u00e9cution&#8221; <\/em><\/p><\/blockquote>\n\n\n\n<p>Un pilotage int\u00e9gr\u00e9 des projets RH, couvrant les \u00e9tapes amont et aval :<\/p>\n\n\n\n<ul><li>Conseil aupr\u00e8s du m\u00e9tier sur la strat\u00e9gie sociale ( sc\u00e9narios, d\u00e9lais )<\/li><li>Recrutement et on-boarding de l&#8217;\u00e9quipe de projet RH <\/li><li>Mise en place et animation de la gouvernance de projet ( PMO, comit\u00e9s de projet, comit\u00e9s de pilotage, planification, suivi des actions, gestion des risques )<\/li><li>Pilotage de la pr\u00e9paration du parcours social et de l&#8217;accompagnement RH<\/li><li>Mise en place des process de gestion des red\u00e9ploiements et d\u00e9parts ( antenne emploi, administration, paye ) <\/li><li>Retour sur exp\u00e9rience avec l&#8217;\u00e9quipe de projet<\/li><\/ul>\n\n\n\n<p>Une m\u00e9thodologie op\u00e9rationnelle et s\u00e9curis\u00e9e, reposant sur des principes robustes et \u00e9prouv\u00e9s :<\/p>\n\n\n\n<div class=\"wp-block-buttons\"><\/div>\n\n\n<div id=\"accordions-123\" class=\"accordions-123 accordions\">\r\n                <div id=\"accordions-lazy-123\" class=\"accordions-lazy\">\r\n                    <\/div>\r\n        <script>\r\n            jQuery(window).load(function() {\r\n                jQuery('#accordions-lazy-123').fadeOut();\r\n                jQuery('#accordions-123 .items').fadeIn();\r\n            });\r\n        <\/script><style type='text\/css'>\r\n        @media only screen and (min-width: 1024px) {\r\n            #accordions-123 {\r\n                width: 100%;\r\n                            }\r\n        }\r\n\r\n        @media only screen and (min-width: 768px) and (max-width: 1023px) {\r\n            #accordions-123 {\r\n                width: 100%;\r\n                            }\r\n        }\r\n\r\n        @media only screen and (min-width: 0px) and (max-width: 767px) {\r\n            #accordions-123 {\r\n                width: 100%;\r\n                            }\r\n        }\r\n\r\n        #accordions-123 .items {\r\n            display: none;\r\n        }\r\n\r\n        #accordions-123 .accordions-lazy {\r\n            text-align: center;\r\n            position: absolute;\r\n            top: 50%;\r\n            left: 50%;\r\n            transform: translate(-50%, -50%);\r\n        }\r\n\r\n        #accordions-123 {\r\n            text-align: left;\r\n            background: #dd3333 url() repeat scroll 0 0;\r\n            position: relative;\r\n        }\r\n\r\n        #accordions-123 .accordions-head {\r\n            background: #1e73be none repeat scroll 0 0;\r\n            \r\n                        outline: none;\r\n        }\r\n\r\n        #accordions-123 .accordions-head-title {\r\n            color: #ffffff;\r\n            font-size: 16px;\r\n                    }\r\n\r\n        #accordions-123 .accordions-head-title-toggle {\r\n            color: #ffffff;\r\n            font-size: 16px;\r\n                    }\r\n\r\n        #accordions-123 .accordions-head:hover .accordions-head-title {\r\n            color: #ffffff;\r\n                    }\r\n\r\n        #accordions-123 .ui-state-active {\r\n            background: #174e7f;\r\n            border: none;\r\n        }\r\n\r\n        #accordions-123 .accordion-content {\r\n            background: #99acbf none repeat scroll 0 0;\r\n            color: #000000;\r\n            border: none;\r\n        }\r\n\r\n        #accordions-123 .accordion-icons {\r\n            color: #1e73be;\r\n                    }\r\n\r\n        #accordions-123 .accordions-head:hover .accordion-icons span {\r\n            color: #97abbf;\r\n                    }\r\n\r\n            <\/style>\r\n<div class=\"items\">\r\n                        <div post_id=\"123\" itemcount=\"0\" header_id=\"header-1642531657668\" id=\"header-1642531657668\" style=\"\" class=\"accordions-head head1642531657668 border-none\" toggle-text=\"\" main-text=\"COLLABORER\">\r\n                                            <span id=\"accordion-icons-1642531657668\" class=\"accordion-icons\">\r\n                            <span class=\"accordion-icon-active accordion-plus\"><i class=\"fas fa-chevron-up\"><\/i><\/span>\r\n                            <span class=\"accordion-icon-inactive accordion-minus\"><i class=\"fas fa-chevron-right\"><\/i><\/span>\r\n                        <\/span>\r\n                        <span id=\"header-text-1642531657668\" class=\"accordions-head-title\">COLLABORER<\/span>\r\n                                    <\/div>\r\n                <div class=\"accordion-content content1642531657668 \">\r\n                    <ul>\n<li>Cr\u00e9er un climat de confiance au sein de l'\u00e9quipe<\/li>\n<li>Fluidifier le partage d'information<\/li>\n<li>Organiser la communication \"vers le haut\" et \"vers le bas\"<\/li>\n<\/ul>\n                <\/div>\r\n            <\/div>\r\n    <script>\r\n        jQuery(document).ready(function($) {\r\n            accordions_active_index_123 = [];\r\n                })\r\n    <\/script>    <script>\r\n        jQuery(document).ready(function($) {\r\n            accordion_123 = $(\"#accordions-123 .items\").accordion({\r\n                event: \"click\",\r\n                collapsible: true,\r\n                heightStyle: \"content\",\r\n                animate: (\"swing\", 1000),\r\n                navigation: true,\r\n                active: 999,\r\n                            });\r\n        })\r\n    <\/script>\r\n                <\/div>\n\n\n<div id=\"accordions-136\" class=\"accordions-136 accordions\">\r\n                <div id=\"accordions-lazy-136\" class=\"accordions-lazy\">\r\n                    <\/div>\r\n        <script>\r\n            jQuery(window).load(function() {\r\n                jQuery('#accordions-lazy-136').fadeOut();\r\n                jQuery('#accordions-136 .items').fadeIn();\r\n            });\r\n        <\/script><style type='text\/css'>\r\n        @media only screen and (min-width: 1024px) {\r\n            #accordions-136 {\r\n                width: 100%;\r\n                            }\r\n        }\r\n\r\n        @media only screen and (min-width: 768px) and (max-width: 1023px) {\r\n            #accordions-136 {\r\n                width: 100%;\r\n                            }\r\n        }\r\n\r\n        @media only screen and (min-width: 0px) and (max-width: 767px) {\r\n            #accordions-136 {\r\n                width: 100%;\r\n                            }\r\n        }\r\n\r\n        #accordions-136 .items {\r\n            display: none;\r\n        }\r\n\r\n        #accordions-136 .accordions-lazy {\r\n            text-align: center;\r\n            position: absolute;\r\n            top: 50%;\r\n            left: 50%;\r\n            transform: translate(-50%, -50%);\r\n        }\r\n\r\n        #accordions-136 {\r\n            text-align: left;\r\n            background: #dd3333 url() repeat scroll 0 0;\r\n            position: relative;\r\n        }\r\n\r\n        #accordions-136 .accordions-head {\r\n            background: #1e73be none repeat scroll 0 0;\r\n            \r\n                        outline: none;\r\n        }\r\n\r\n        #accordions-136 .accordions-head-title {\r\n            color: #ffffff;\r\n            font-size: 16px;\r\n                    }\r\n\r\n        #accordions-136 .accordions-head-title-toggle {\r\n            color: #ffffff;\r\n            font-size: 16px;\r\n                    }\r\n\r\n        #accordions-136 .accordions-head:hover .accordions-head-title {\r\n            color: #ffffff;\r\n                    }\r\n\r\n        #accordions-136 .ui-state-active {\r\n            background: #174e7f;\r\n            border: none;\r\n        }\r\n\r\n        #accordions-136 .accordion-content {\r\n            background: #99acbf none repeat scroll 0 0;\r\n            color: #000000;\r\n            border: none;\r\n        }\r\n\r\n        #accordions-136 .accordion-icons {\r\n            color: #1e73be;\r\n                    }\r\n\r\n        #accordions-136 .accordions-head:hover .accordion-icons span {\r\n            color: #97abbf;\r\n                    }\r\n\r\n            <\/style>\r\n<div class=\"items\">\r\n                        <div post_id=\"136\" itemcount=\"0\" header_id=\"header-1642531657668\" id=\"header-1642531657668\" style=\"\" class=\"accordions-head head1642531657668 border-none\" toggle-text=\"\" main-text=\"S\u00c9CURISER\">\r\n                                            <span id=\"accordion-icons-1642531657668\" class=\"accordion-icons\">\r\n                            <span class=\"accordion-icon-active accordion-plus\"><i class=\"fas fa-chevron-up\"><\/i><\/span>\r\n                            <span class=\"accordion-icon-inactive accordion-minus\"><i class=\"fas fa-chevron-right\"><\/i><\/span>\r\n                        <\/span>\r\n                        <span id=\"header-text-1642531657668\" class=\"accordions-head-title\">S\u00c9CURISER<\/span>\r\n                                    <\/div>\r\n                <div class=\"accordion-content content1642531657668 \">\r\n                    <ul>\n<li>Suivre la progression au jour-le-jour<\/li>\n<li>Contr\u00f4ler l'avancement<\/li>\n<li>G\u00e9rer collectivement les risques<\/li>\n<\/ul>\n                <\/div>\r\n            <\/div>\r\n    <script>\r\n        jQuery(document).ready(function($) {\r\n            accordions_active_index_136 = [];\r\n                })\r\n    <\/script>    <script>\r\n        jQuery(document).ready(function($) {\r\n            accordion_136 = $(\"#accordions-136 .items\").accordion({\r\n                event: \"click\",\r\n                collapsible: true,\r\n                heightStyle: \"content\",\r\n                animate: (\"swing\", 1000),\r\n                navigation: true,\r\n                active: 999,\r\n                            });\r\n        })\r\n    <\/script>\r\n                <\/div>\n\n\n<div id=\"accordions-138\" class=\"accordions-138 accordions\">\r\n                <div id=\"accordions-lazy-138\" class=\"accordions-lazy\">\r\n                    <\/div>\r\n        <script>\r\n            jQuery(window).load(function() {\r\n                jQuery('#accordions-lazy-138').fadeOut();\r\n                jQuery('#accordions-138 .items').fadeIn();\r\n            });\r\n        <\/script><style type='text\/css'>\r\n        @media only screen and (min-width: 1024px) {\r\n            #accordions-138 {\r\n                width: 100%;\r\n                            }\r\n        }\r\n\r\n        @media only screen and (min-width: 768px) and (max-width: 1023px) {\r\n            #accordions-138 {\r\n                width: 100%;\r\n                            }\r\n        }\r\n\r\n        @media only screen and (min-width: 0px) and (max-width: 767px) {\r\n            #accordions-138 {\r\n                width: 100%;\r\n                            }\r\n        }\r\n\r\n        #accordions-138 .items {\r\n            display: none;\r\n        }\r\n\r\n        #accordions-138 .accordions-lazy {\r\n            text-align: center;\r\n            position: absolute;\r\n            top: 50%;\r\n            left: 50%;\r\n            transform: translate(-50%, -50%);\r\n        }\r\n\r\n        #accordions-138 {\r\n            text-align: left;\r\n            background: #dd3333 url() repeat scroll 0 0;\r\n            position: relative;\r\n        }\r\n\r\n        #accordions-138 .accordions-head {\r\n            background: #1e73be none repeat scroll 0 0;\r\n            \r\n                        outline: none;\r\n        }\r\n\r\n        #accordions-138 .accordions-head-title {\r\n            color: #ffffff;\r\n            font-size: 16px;\r\n                    }\r\n\r\n        #accordions-138 .accordions-head-title-toggle {\r\n            color: #ffffff;\r\n            font-size: 16px;\r\n                    }\r\n\r\n        #accordions-138 .accordions-head:hover .accordions-head-title {\r\n            color: #ffffff;\r\n                    }\r\n\r\n        #accordions-138 .ui-state-active {\r\n            background: #174e7f;\r\n            border: none;\r\n        }\r\n\r\n        #accordions-138 .accordion-content {\r\n            background: #99acbf none repeat scroll 0 0;\r\n            color: #000000;\r\n            border: none;\r\n        }\r\n\r\n        #accordions-138 .accordion-icons {\r\n            color: #1e73be;\r\n                    }\r\n\r\n        #accordions-138 .accordions-head:hover .accordion-icons span {\r\n            color: #97abbf;\r\n                    }\r\n\r\n            <\/style>\r\n<div class=\"items\">\r\n                        <div post_id=\"138\" itemcount=\"0\" header_id=\"header-1642531657668\" id=\"header-1642531657668\" style=\"\" class=\"accordions-head head1642531657668 border-none\" toggle-text=\"\" main-text=\"D\u00c9LIVRER\">\r\n                                            <span id=\"accordion-icons-1642531657668\" class=\"accordion-icons\">\r\n                            <span class=\"accordion-icon-active accordion-plus\"><i class=\"fas fa-chevron-up\"><\/i><\/span>\r\n                            <span class=\"accordion-icon-inactive accordion-minus\"><i class=\"fas fa-chevron-right\"><\/i><\/span>\r\n                        <\/span>\r\n                        <span id=\"header-text-1642531657668\" class=\"accordions-head-title\">D\u00c9LIVRER<\/span>\r\n                                    <\/div>\r\n                <div class=\"accordion-content content1642531657668 \">\r\n                    <ul>\n<li>Anticiper les difficult\u00e9s<\/li>\n<li>Respecter les \u00e9ch\u00e9ances<\/li>\n<li>Ma\u00eetriser les d\u00e9pendances entre les acteurs<\/li>\n<\/ul>\n                <\/div>\r\n            <\/div>\r\n    <script>\r\n        jQuery(document).ready(function($) {\r\n            accordions_active_index_138 = [];\r\n                })\r\n    <\/script>    <script>\r\n        jQuery(document).ready(function($) {\r\n            accordion_138 = $(\"#accordions-138 .items\").accordion({\r\n                event: \"click\",\r\n                collapsible: true,\r\n                heightStyle: \"content\",\r\n                animate: (\"swing\", 1000),\r\n                navigation: true,\r\n                active: 999,\r\n                            });\r\n        })\r\n    <\/script>\r\n                <\/div>\n\n\n<div id=\"accordions-140\" class=\"accordions-140 accordions\">\r\n                <div id=\"accordions-lazy-140\" class=\"accordions-lazy\">\r\n                    <\/div>\r\n        <script>\r\n            jQuery(window).load(function() {\r\n                jQuery('#accordions-lazy-140').fadeOut();\r\n                jQuery('#accordions-140 .items').fadeIn();\r\n            });\r\n        <\/script><style type='text\/css'>\r\n        @media only screen and (min-width: 1024px) {\r\n            #accordions-140 {\r\n                width: 100%;\r\n                            }\r\n        }\r\n\r\n        @media only screen and (min-width: 768px) and (max-width: 1023px) {\r\n            #accordions-140 {\r\n                width: 100%;\r\n                            }\r\n        }\r\n\r\n        @media only screen and (min-width: 0px) and (max-width: 767px) {\r\n            #accordions-140 {\r\n                width: 100%;\r\n                            }\r\n        }\r\n\r\n        #accordions-140 .items {\r\n            display: none;\r\n        }\r\n\r\n        #accordions-140 .accordions-lazy {\r\n            text-align: center;\r\n            position: absolute;\r\n            top: 50%;\r\n            left: 50%;\r\n            transform: translate(-50%, -50%);\r\n        }\r\n\r\n        #accordions-140 {\r\n            text-align: left;\r\n            background: #dd3333 url() repeat scroll 0 0;\r\n            position: relative;\r\n        }\r\n\r\n        #accordions-140 .accordions-head {\r\n            background: #1e73be none repeat scroll 0 0;\r\n            \r\n                        outline: none;\r\n        }\r\n\r\n        #accordions-140 .accordions-head-title {\r\n            color: #ffffff;\r\n            font-size: 16px;\r\n                    }\r\n\r\n        #accordions-140 .accordions-head-title-toggle {\r\n            color: #ffffff;\r\n            font-size: 16px;\r\n                    }\r\n\r\n        #accordions-140 .accordions-head:hover .accordions-head-title {\r\n            color: #ffffff;\r\n                    }\r\n\r\n        #accordions-140 .ui-state-active {\r\n            background: #174e7f;\r\n            border: none;\r\n        }\r\n\r\n        #accordions-140 .accordion-content {\r\n            background: #99acbf none repeat scroll 0 0;\r\n            color: #000000;\r\n            border: none;\r\n        }\r\n\r\n        #accordions-140 .accordion-icons {\r\n            color: #1e73be;\r\n                    }\r\n\r\n        #accordions-140 .accordions-head:hover .accordion-icons span {\r\n            color: #97abbf;\r\n                    }\r\n\r\n            <\/style>\r\n<div class=\"items\">\r\n                        <div post_id=\"140\" itemcount=\"0\" header_id=\"header-1642531657668\" id=\"header-1642531657668\" style=\"\" class=\"accordions-head head1642531657668 border-none\" toggle-text=\"\" main-text=\"D\u00c9VELOPPER\">\r\n                                            <span id=\"accordion-icons-1642531657668\" class=\"accordion-icons\">\r\n                            <span class=\"accordion-icon-active accordion-plus\"><i class=\"fas fa-chevron-up\"><\/i><\/span>\r\n                            <span class=\"accordion-icon-inactive accordion-minus\"><i class=\"fas fa-chevron-right\"><\/i><\/span>\r\n                        <\/span>\r\n                        <span id=\"header-text-1642531657668\" class=\"accordions-head-title\">D\u00c9VELOPPER<\/span>\r\n                                    <\/div>\r\n                <div class=\"accordion-content content1642531657668 \">\r\n                    <ul>\n<li>Construire des m\u00e9thodes et des process p\u00e9rennes<\/li>\n<li>Outiller l'\u00e9quipe de projet ( supports de suivis, indicateurs... )<\/li>\n<li>D\u00e9velopper les comp\u00e9tences et valoriser l'exp\u00e9rience acquise<\/li>\n<\/ul>\n                <\/div>\r\n            <\/div>\r\n    <script>\r\n        jQuery(document).ready(function($) {\r\n            accordions_active_index_140 = [];\r\n                })\r\n    <\/script>    <script>\r\n        jQuery(document).ready(function($) {\r\n            accordion_140 = $(\"#accordions-140 .items\").accordion({\r\n                event: \"click\",\r\n                collapsible: true,\r\n                heightStyle: \"content\",\r\n                animate: (\"swing\", 1000),\r\n                navigation: true,\r\n                active: 999,\r\n                            });\r\n        })\r\n    <\/script>\r\n                <\/div>\n\n\n\n<div class=\"wp-block-buttons\">\n<div class=\"wp-block-button is-style-outline\"><a class=\"wp-block-button__link\" href=\"https:\/\/bmarc-conseil.com\/\">retour accueil<\/a><\/div>\n<\/div>\n\n\n\n<p><\/p>\n","protected":false},"excerpt":{"rendered":"<p>&#8220;Ce qui est remarquable dans l&#8217;approche, c&#8217;est de tenir le cap sur l&#8217;objectif final, mais en m\u00eame temps, de conserver un \u0153il sur les d\u00e9tails d&#8217;ex\u00e9cution&#8221; Un pilotage int\u00e9gr\u00e9 des projets RH, couvrant les \u00e9tapes amont et aval : Conseil aupr\u00e8s du m\u00e9tier sur la strat\u00e9gie sociale ( sc\u00e9narios, d\u00e9lais ) Recrutement et on-boarding de [&hellip;]<\/p>\n","protected":false},"author":1,"featured_media":0,"parent":0,"menu_order":0,"comment_status":"closed","ping_status":"closed","template":"","meta":[],"_links":{"self":[{"href":"https:\/\/bmarc-conseil.com\/index.php\/wp-json\/wp\/v2\/pages\/103"}],"collection":[{"href":"https:\/\/bmarc-conseil.com\/index.php\/wp-json\/wp\/v2\/pages"}],"about":[{"href":"https:\/\/bmarc-conseil.com\/index.php\/wp-json\/wp\/v2\/types\/page"}],"author":[{"embeddable":true,"href":"https:\/\/bmarc-conseil.com\/index.php\/wp-json\/wp\/v2\/users\/1"}],"replies":[{"embeddable":true,"href":"https:\/\/bmarc-conseil.com\/index.php\/wp-json\/wp\/v2\/comments?post=103"}],"version-history":[{"count":19,"href":"https:\/\/bmarc-conseil.com\/index.php\/wp-json\/wp\/v2\/pages\/103\/revisions"}],"predecessor-version":[{"id":252,"href":"https:\/\/bmarc-conseil.com\/index.php\/wp-json\/wp\/v2\/pages\/103\/revisions\/252"}],"wp:attachment":[{"href":"https:\/\/bmarc-conseil.com\/index.php\/wp-json\/wp\/v2\/media?parent=103"}],"curies":[{"name":"wp","href":"https:\/\/api.w.org\/{rel}","templated":true}]}}