{"id":142,"date":"2022-01-20T17:38:44","date_gmt":"2022-01-20T16:38:44","guid":{"rendered":"https:\/\/bmarc-conseil.com\/?page_id=142"},"modified":"2022-01-27T15:10:38","modified_gmt":"2022-01-27T14:10:38","slug":"projets-internationaux","status":"publish","type":"page","link":"https:\/\/bmarc-conseil.com\/index.php\/projets-internationaux\/","title":{"rendered":"Projets internationaux"},"content":{"rendered":"\n<blockquote class=\"wp-block-quote\"><p><em>&#8220;I cannot tell you how you have inspired your team; they would have followed you wherever you would go&#8221;<\/em><\/p><\/blockquote>\n\n\n\n<p>Une exp\u00e9rience approfondie en gestion de projets RH transfrontaliers :<\/p>\n\n\n\n<ul><li>Pilotage RH de projets de transformation de lignes de m\u00e9tiers globales ( jusqu&#8217;\u00e0 70 pays )<\/li><li>Pilotage de projets de filialisation ( UE, UK, Canada )<\/li><li>\u00c9laboration de strat\u00e9gies sociales et coordination de parcours sociaux multi-pays<\/li><li>Management d&#8217;\u00e9quipes de projet multi-culturelles<\/li><\/ul>\n\n\n\n<div class=\"wp-block-buttons\">\n<div class=\"wp-block-button is-style-outline\"><a class=\"wp-block-button__link\" href=\"https:\/\/bmarc-conseil.com\/\">retour accueil<\/a><\/div>\n<\/div>\n","protected":false},"excerpt":{"rendered":"<p>&#8220;I cannot tell you how you have inspired your team; they would have followed you wherever you would go&#8221; Une exp\u00e9rience approfondie en gestion de projets RH transfrontaliers : Pilotage RH de projets de transformation de lignes de m\u00e9tiers globales ( jusqu&#8217;\u00e0 70 pays ) Pilotage de projets de filialisation ( UE, UK, Canada ) [&hellip;]<\/p>\n","protected":false},"author":1,"featured_media":0,"parent":0,"menu_order":0,"comment_status":"closed","ping_status":"closed","template":"","meta":[],"_links":{"self":[{"href":"https:\/\/bmarc-conseil.com\/index.php\/wp-json\/wp\/v2\/pages\/142"}],"collection":[{"href":"https:\/\/bmarc-conseil.com\/index.php\/wp-json\/wp\/v2\/pages"}],"about":[{"href":"https:\/\/bmarc-conseil.com\/index.php\/wp-json\/wp\/v2\/types\/page"}],"author":[{"embeddable":true,"href":"https:\/\/bmarc-conseil.com\/index.php\/wp-json\/wp\/v2\/users\/1"}],"replies":[{"embeddable":true,"href":"https:\/\/bmarc-conseil.com\/index.php\/wp-json\/wp\/v2\/comments?post=142"}],"version-history":[{"count":8,"href":"https:\/\/bmarc-conseil.com\/index.php\/wp-json\/wp\/v2\/pages\/142\/revisions"}],"predecessor-version":[{"id":236,"href":"https:\/\/bmarc-conseil.com\/index.php\/wp-json\/wp\/v2\/pages\/142\/revisions\/236"}],"wp:attachment":[{"href":"https:\/\/bmarc-conseil.com\/index.php\/wp-json\/wp\/v2\/media?parent=142"}],"curies":[{"name":"wp","href":"https:\/\/api.w.org\/{rel}","templated":true}]}}