{"id":145,"date":"2022-01-20T17:47:23","date_gmt":"2022-01-20T16:47:23","guid":{"rendered":"https:\/\/bmarc-conseil.com\/?page_id=145"},"modified":"2022-01-21T11:47:46","modified_gmt":"2022-01-21T10:47:46","slug":"formations","status":"publish","type":"page","link":"https:\/\/bmarc-conseil.com\/index.php\/formations\/","title":{"rendered":"Formations"},"content":{"rendered":"\n<p>Les projets de transformation sont une opportunit\u00e9 unique de d\u00e9veloppement pour les \u00e9quipes RH.<\/p>\n\n\n\n<ul><li>Une offre de formation destin\u00e9e :<\/li><\/ul>\n\n\n<div id=\"accordions-149\" class=\"accordions-149 accordions\">\r\n                <div id=\"accordions-lazy-149\" class=\"accordions-lazy\">\r\n                    <\/div>\r\n        <script>\r\n            jQuery(window).load(function() {\r\n                jQuery('#accordions-lazy-149').fadeOut();\r\n                jQuery('#accordions-149 .items').fadeIn();\r\n            });\r\n        <\/script><style type='text\/css'>\r\n        @media only screen and (min-width: 1024px) {\r\n            #accordions-149 {\r\n                width: 100%;\r\n                            }\r\n        }\r\n\r\n        @media only screen and (min-width: 768px) and (max-width: 1023px) {\r\n            #accordions-149 {\r\n                width: 100%;\r\n                            }\r\n        }\r\n\r\n        @media only screen and (min-width: 0px) and (max-width: 767px) {\r\n            #accordions-149 {\r\n                width: 100%;\r\n                            }\r\n        }\r\n\r\n        #accordions-149 .items {\r\n            display: none;\r\n        }\r\n\r\n        #accordions-149 .accordions-lazy {\r\n            text-align: center;\r\n            position: absolute;\r\n            top: 50%;\r\n            left: 50%;\r\n            transform: translate(-50%, -50%);\r\n        }\r\n\r\n        #accordions-149 {\r\n            text-align: left;\r\n            background: #dd3333 url() repeat scroll 0 0;\r\n            position: relative;\r\n        }\r\n\r\n        #accordions-149 .accordions-head {\r\n            background: #1e73be none repeat scroll 0 0;\r\n            \r\n                        outline: none;\r\n        }\r\n\r\n        #accordions-149 .accordions-head-title {\r\n            color: #ffffff;\r\n            font-size: 16px;\r\n                    }\r\n\r\n        #accordions-149 .accordions-head-title-toggle {\r\n            color: #ffffff;\r\n            font-size: 16px;\r\n                    }\r\n\r\n        #accordions-149 .accordions-head:hover .accordions-head-title {\r\n            color: #ffffff;\r\n                    }\r\n\r\n        #accordions-149 .ui-state-active {\r\n            background: #174e7f;\r\n            border: none;\r\n        }\r\n\r\n        #accordions-149 .accordion-content {\r\n            background: #99acbf none repeat scroll 0 0;\r\n            color: #000000;\r\n            border: none;\r\n        }\r\n\r\n        #accordions-149 .accordion-icons {\r\n            color: #1e73be;\r\n                    }\r\n\r\n        #accordions-149 .accordions-head:hover .accordion-icons span {\r\n            color: #97abbf;\r\n                    }\r\n\r\n            <\/style>\r\n<div class=\"items\">\r\n                        <div post_id=\"149\" itemcount=\"0\" header_id=\"header-1642531657668\" id=\"header-1642531657668\" style=\"\" class=\"accordions-head head1642531657668 border-none\" toggle-text=\"\" main-text=\"AUX \u00c9QUIPES RH\">\r\n                                            <span id=\"accordion-icons-1642531657668\" class=\"accordion-icons\">\r\n                            <span class=\"accordion-icon-active accordion-plus\"><i class=\"fas fa-chevron-up\"><\/i><\/span>\r\n                            <span class=\"accordion-icon-inactive accordion-minus\"><i class=\"fas fa-chevron-right\"><\/i><\/span>\r\n                        <\/span>\r\n                        <span id=\"header-text-1642531657668\" class=\"accordions-head-title\">AUX \u00c9QUIPES RH<\/span>\r\n                                    <\/div>\r\n                <div class=\"accordion-content content1642531657668 \">\r\n                    <ul>\n<li>S'impr\u00e9gner du fonctionnement en mode projet<\/li>\n<li>Acqu\u00e9rir et partager un langage commun<\/li>\n<li>Comprendre la finalit\u00e9 de la m\u00e9thodologie<\/li>\n<li>Se familiariser avec les outils de planification et de suivi<\/li>\n<\/ul>\n                <\/div>\r\n            <\/div>\r\n    <script>\r\n        jQuery(document).ready(function($) {\r\n            accordions_active_index_149 = [];\r\n                })\r\n    <\/script>    <script>\r\n        jQuery(document).ready(function($) {\r\n            accordion_149 = $(\"#accordions-149 .items\").accordion({\r\n                event: \"click\",\r\n                collapsible: true,\r\n                heightStyle: \"content\",\r\n                animate: (\"swing\", 1000),\r\n                navigation: true,\r\n                active: 999,\r\n                            });\r\n        })\r\n    <\/script>\r\n                <\/div>\n\n\n<div id=\"accordions-151\" class=\"accordions-151 accordions\">\r\n                <div id=\"accordions-lazy-151\" class=\"accordions-lazy\">\r\n                    <\/div>\r\n        <script>\r\n            jQuery(window).load(function() {\r\n                jQuery('#accordions-lazy-151').fadeOut();\r\n                jQuery('#accordions-151 .items').fadeIn();\r\n            });\r\n        <\/script><style type='text\/css'>\r\n        @media only screen and (min-width: 1024px) {\r\n            #accordions-151 {\r\n                width: 100%;\r\n                            }\r\n        }\r\n\r\n        @media only screen and (min-width: 768px) and (max-width: 1023px) {\r\n            #accordions-151 {\r\n                width: 100%;\r\n                            }\r\n        }\r\n\r\n        @media only screen and (min-width: 0px) and (max-width: 767px) {\r\n            #accordions-151 {\r\n                width: 100%;\r\n                            }\r\n        }\r\n\r\n        #accordions-151 .items {\r\n            display: none;\r\n        }\r\n\r\n        #accordions-151 .accordions-lazy {\r\n            text-align: center;\r\n            position: absolute;\r\n            top: 50%;\r\n            left: 50%;\r\n            transform: translate(-50%, -50%);\r\n        }\r\n\r\n        #accordions-151 {\r\n            text-align: left;\r\n            background: #dd3333 url() repeat scroll 0 0;\r\n            position: relative;\r\n        }\r\n\r\n        #accordions-151 .accordions-head {\r\n            background: #1e73be none repeat scroll 0 0;\r\n            \r\n                        outline: none;\r\n        }\r\n\r\n        #accordions-151 .accordions-head-title {\r\n            color: #ffffff;\r\n            font-size: 16px;\r\n                    }\r\n\r\n        #accordions-151 .accordions-head-title-toggle {\r\n            color: #ffffff;\r\n            font-size: 16px;\r\n                    }\r\n\r\n        #accordions-151 .accordions-head:hover .accordions-head-title {\r\n            color: #ffffff;\r\n                    }\r\n\r\n        #accordions-151 .ui-state-active {\r\n            background: #174e7f;\r\n            border: none;\r\n        }\r\n\r\n        #accordions-151 .accordion-content {\r\n            background: #99acbf none repeat scroll 0 0;\r\n            color: #000000;\r\n            border: none;\r\n        }\r\n\r\n        #accordions-151 .accordion-icons {\r\n            color: #1e73be;\r\n                    }\r\n\r\n        #accordions-151 .accordions-head:hover .accordion-icons span {\r\n            color: #97abbf;\r\n                    }\r\n\r\n            <\/style>\r\n<div class=\"items\">\r\n                        <div post_id=\"151\" itemcount=\"0\" header_id=\"header-1642531657668\" id=\"header-1642531657668\" style=\"\" class=\"accordions-head head1642531657668 border-none\" toggle-text=\"\" main-text=\"AUX \u00c9QUIPES M\u00c9TIER\">\r\n                                            <span id=\"accordion-icons-1642531657668\" class=\"accordion-icons\">\r\n                            <span class=\"accordion-icon-active accordion-plus\"><i class=\"fas fa-chevron-up\"><\/i><\/span>\r\n                            <span class=\"accordion-icon-inactive accordion-minus\"><i class=\"fas fa-chevron-right\"><\/i><\/span>\r\n                        <\/span>\r\n                        <span id=\"header-text-1642531657668\" class=\"accordions-head-title\">AUX \u00c9QUIPES M\u00c9TIER<\/span>\r\n                                    <\/div>\r\n                <div class=\"accordion-content content1642531657668 \">\r\n                    <ul>\n<li>Comprendre les principales probl\u00e9matiques RH dans un projet de transformation<\/li>\n<li>Appr\u00e9hender les contraintes l\u00e9gales ( parcours social, d\u00e9lais, gestion de la communication... )<\/li>\n<li>Savoir quelle contribution est attendue par la RH de la part du m\u00e9tier<\/li>\n<li>Les \"Do's &amp; Dont's\"<\/li>\n<\/ul>\n                <\/div>\r\n            <\/div>\r\n    <script>\r\n        jQuery(document).ready(function($) {\r\n            accordions_active_index_151 = [];\r\n                })\r\n    <\/script>    <script>\r\n        jQuery(document).ready(function($) {\r\n            accordion_151 = $(\"#accordions-151 .items\").accordion({\r\n                event: \"click\",\r\n                collapsible: true,\r\n                heightStyle: \"content\",\r\n                animate: (\"swing\", 1000),\r\n                navigation: true,\r\n                active: 999,\r\n                            });\r\n        })\r\n    <\/script>\r\n                <\/div>\n\n\n\n<ul><li>Une proposition modulable : d&#8217;un webinar de 1h30 \u00e0 un module de 2 jours<\/li><li>Une approche p\u00e9dagogique au quotidien<\/li><\/ul>\n\n\n\n<div class=\"wp-block-buttons\">\n<div class=\"wp-block-button is-style-outline\"><a class=\"wp-block-button__link\" href=\"https:\/\/bmarc-conseil.com\/\">retour accueil<\/a><\/div>\n<\/div>\n","protected":false},"excerpt":{"rendered":"<p>Les projets de transformation sont une opportunit\u00e9 unique de d\u00e9veloppement pour les \u00e9quipes RH. Une offre de formation destin\u00e9e : Une proposition modulable : d&#8217;un webinar de 1h30 \u00e0 un module de 2 jours Une approche p\u00e9dagogique au quotidien<\/p>\n","protected":false},"author":1,"featured_media":0,"parent":0,"menu_order":0,"comment_status":"closed","ping_status":"closed","template":"","meta":[],"_links":{"self":[{"href":"https:\/\/bmarc-conseil.com\/index.php\/wp-json\/wp\/v2\/pages\/145"}],"collection":[{"href":"https:\/\/bmarc-conseil.com\/index.php\/wp-json\/wp\/v2\/pages"}],"about":[{"href":"https:\/\/bmarc-conseil.com\/index.php\/wp-json\/wp\/v2\/types\/page"}],"author":[{"embeddable":true,"href":"https:\/\/bmarc-conseil.com\/index.php\/wp-json\/wp\/v2\/users\/1"}],"replies":[{"embeddable":true,"href":"https:\/\/bmarc-conseil.com\/index.php\/wp-json\/wp\/v2\/comments?post=145"}],"version-history":[{"count":5,"href":"https:\/\/bmarc-conseil.com\/index.php\/wp-json\/wp\/v2\/pages\/145\/revisions"}],"predecessor-version":[{"id":195,"href":"https:\/\/bmarc-conseil.com\/index.php\/wp-json\/wp\/v2\/pages\/145\/revisions\/195"}],"wp:attachment":[{"href":"https:\/\/bmarc-conseil.com\/index.php\/wp-json\/wp\/v2\/media?parent=145"}],"curies":[{"name":"wp","href":"https:\/\/api.w.org\/{rel}","templated":true}]}}