{"id":238,"date":"2022-01-27T16:12:19","date_gmt":"2022-01-27T15:12:19","guid":{"rendered":"https:\/\/bmarc-conseil.com\/?page_id=238"},"modified":"2022-01-27T16:16:28","modified_gmt":"2022-01-27T15:16:28","slug":"mentions-legales","status":"publish","type":"page","link":"https:\/\/bmarc-conseil.com\/index.php\/mentions-legales\/","title":{"rendered":"Mentions l\u00e9gales"},"content":{"rendered":"\n<p><strong>\u00c9diteur du site<\/strong><\/p>\n\n\n\n<p>Bruno Marc conseil<\/p>\n\n\n\n<p>18 rue Tiphaine<\/p>\n\n\n\n<p>75015 PARIS<\/p>\n\n\n\n<p><strong>H\u00e9bergeur<\/strong><\/p>\n\n\n\n<p>Soci\u00e9t\u00e9 OVH<\/p>\n\n\n\n<p>2 rue Kellermann<\/p>\n\n\n\n<p>59100 ROUBAIX <\/p>\n\n\n\n<p>France<\/p>\n\n\n\n<p>P<strong>ropri\u00e9t\u00e9 intellectuelle<\/strong><\/p>\n\n\n\n<p>Le contenu ( texte, logo, illustrations, images ) de ce site est la propri\u00e9t\u00e9 exclusive de Monsieur Bruno Marc, propri\u00e9taire de bmarc-conseil.com. <\/p>\n\n\n\n<p>Toute repr\u00e9sentation totale ou partielle par quelques proc\u00e9d\u00e9s que ce soient, sans l&#8217;autorisation pr\u00e9alable et expresse de Monsieur Bruno Marc, est interdite.<\/p>\n","protected":false},"excerpt":{"rendered":"<p>\u00c9diteur du site Bruno Marc conseil 18 rue Tiphaine 75015 PARIS H\u00e9bergeur Soci\u00e9t\u00e9 OVH 2 rue Kellermann 59100 ROUBAIX France Propri\u00e9t\u00e9 intellectuelle Le contenu ( texte, logo, illustrations, images ) de ce site est la propri\u00e9t\u00e9 exclusive de Monsieur Bruno Marc, propri\u00e9taire de bmarc-conseil.com. Toute repr\u00e9sentation totale ou partielle par quelques proc\u00e9d\u00e9s que ce soient, [&hellip;]<\/p>\n","protected":false},"author":1,"featured_media":0,"parent":0,"menu_order":0,"comment_status":"closed","ping_status":"closed","template":"","meta":[],"_links":{"self":[{"href":"https:\/\/bmarc-conseil.com\/index.php\/wp-json\/wp\/v2\/pages\/238"}],"collection":[{"href":"https:\/\/bmarc-conseil.com\/index.php\/wp-json\/wp\/v2\/pages"}],"about":[{"href":"https:\/\/bmarc-conseil.com\/index.php\/wp-json\/wp\/v2\/types\/page"}],"author":[{"embeddable":true,"href":"https:\/\/bmarc-conseil.com\/index.php\/wp-json\/wp\/v2\/users\/1"}],"replies":[{"embeddable":true,"href":"https:\/\/bmarc-conseil.com\/index.php\/wp-json\/wp\/v2\/comments?post=238"}],"version-history":[{"count":2,"href":"https:\/\/bmarc-conseil.com\/index.php\/wp-json\/wp\/v2\/pages\/238\/revisions"}],"predecessor-version":[{"id":243,"href":"https:\/\/bmarc-conseil.com\/index.php\/wp-json\/wp\/v2\/pages\/238\/revisions\/243"}],"wp:attachment":[{"href":"https:\/\/bmarc-conseil.com\/index.php\/wp-json\/wp\/v2\/media?parent=238"}],"curies":[{"name":"wp","href":"https:\/\/api.w.org\/{rel}","templated":true}]}}