{"id":33,"date":"2022-01-17T15:20:07","date_gmt":"2022-01-17T14:20:07","guid":{"rendered":"https:\/\/bmarc-conseil.com\/?page_id=33"},"modified":"2022-01-21T12:00:22","modified_gmt":"2022-01-21T11:00:22","slug":"a-propos","status":"publish","type":"page","link":"https:\/\/bmarc-conseil.com\/index.php\/a-propos\/","title":{"rendered":"A propos"},"content":{"rendered":"\n<blockquote class=\"wp-block-quote\"><p><em>&#8220;Un professionnel RH exp\u00e9riment\u00e9, alliant rigueur et m\u00e9thode, sachant emporter l&#8217;adh\u00e9sion&#8221;<\/em><\/p><\/blockquote>\n\n\n\n<p><\/p>\n\n\n\n<figure class=\"wp-block-gallery columns-1 is-cropped\"><ul class=\"blocks-gallery-grid\"><li class=\"blocks-gallery-item\"><figure><img loading=\"lazy\" width=\"225\" height=\"300\" src=\"https:\/\/bmarc-conseil.com\/wp-content\/uploads\/2022\/01\/photo-propal-NB-225x300.jpg\" alt=\"\" data-id=\"126\" data-full-url=\"https:\/\/bmarc-conseil.com\/wp-content\/uploads\/2022\/01\/photo-propal-NB-scaled.jpg\" data-link=\"https:\/\/bmarc-conseil.com\/index.php\/a-propos\/photo-propal-nb\/\" class=\"wp-image-126\" srcset=\"https:\/\/bmarc-conseil.com\/wp-content\/uploads\/2022\/01\/photo-propal-NB-225x300.jpg 225w, https:\/\/bmarc-conseil.com\/wp-content\/uploads\/2022\/01\/photo-propal-NB-768x1024.jpg 768w, https:\/\/bmarc-conseil.com\/wp-content\/uploads\/2022\/01\/photo-propal-NB-1152x1536.jpg 1152w, https:\/\/bmarc-conseil.com\/wp-content\/uploads\/2022\/01\/photo-propal-NB-1536x2048.jpg 1536w, https:\/\/bmarc-conseil.com\/wp-content\/uploads\/2022\/01\/photo-propal-NB-1200x1600.jpg 1200w, https:\/\/bmarc-conseil.com\/wp-content\/uploads\/2022\/01\/photo-propal-NB-1980x2640.jpg 1980w, https:\/\/bmarc-conseil.com\/wp-content\/uploads\/2022\/01\/photo-propal-NB-scaled.jpg 1920w\" sizes=\"(max-width: 225px) 100vw, 225px\" \/><\/figure><\/li><\/ul><\/figure>\n\n\n\n<p>Une exp\u00e9rience de plus de 20 ans dans l&#8217;accompagnement RH des transformations dans le secteur bancaire ( banque d&#8217;investissement et de march\u00e9, banque de r\u00e9seau, banque priv\u00e9e, fonctions support, &#8230;. ), en France et au Royaume Uni<\/p>\n\n\n\n<p>Une exp\u00e9rience approfondie des organisations multi-culturelles et du pilotage de projets transfrontaliers, confort\u00e9e par une exp\u00e9rience de 11 ans \u00e0 l&#8217;\u00e9tranger ( Londres, New-York, Francfort )<\/p>\n\n\n\n<p>Une approche combinant la sensibilit\u00e9 RH, la pratique du terrain, et la rigueur de l&#8217;ing\u00e9nieur<\/p>\n\n\n\n<div class=\"wp-block-buttons\">\n<div class=\"wp-block-button is-style-outline\"><a class=\"wp-block-button__link\" href=\"https:\/\/bmarc-conseil.com\/\">retour accueil<\/a><\/div>\n<\/div>\n\n\n\n<p><\/p>\n","protected":false},"excerpt":{"rendered":"<p>&#8220;Un professionnel RH exp\u00e9riment\u00e9, alliant rigueur et m\u00e9thode, sachant emporter l&#8217;adh\u00e9sion&#8221; Une exp\u00e9rience de plus de 20 ans dans l&#8217;accompagnement RH des transformations dans le secteur bancaire ( banque d&#8217;investissement et de march\u00e9, banque de r\u00e9seau, banque priv\u00e9e, fonctions support, &#8230;. ), en France et au Royaume Uni Une exp\u00e9rience approfondie des organisations multi-culturelles et [&hellip;]<\/p>\n","protected":false},"author":1,"featured_media":0,"parent":0,"menu_order":0,"comment_status":"closed","ping_status":"closed","template":"","meta":[],"_links":{"self":[{"href":"https:\/\/bmarc-conseil.com\/index.php\/wp-json\/wp\/v2\/pages\/33"}],"collection":[{"href":"https:\/\/bmarc-conseil.com\/index.php\/wp-json\/wp\/v2\/pages"}],"about":[{"href":"https:\/\/bmarc-conseil.com\/index.php\/wp-json\/wp\/v2\/types\/page"}],"author":[{"embeddable":true,"href":"https:\/\/bmarc-conseil.com\/index.php\/wp-json\/wp\/v2\/users\/1"}],"replies":[{"embeddable":true,"href":"https:\/\/bmarc-conseil.com\/index.php\/wp-json\/wp\/v2\/comments?post=33"}],"version-history":[{"count":13,"href":"https:\/\/bmarc-conseil.com\/index.php\/wp-json\/wp\/v2\/pages\/33\/revisions"}],"predecessor-version":[{"id":198,"href":"https:\/\/bmarc-conseil.com\/index.php\/wp-json\/wp\/v2\/pages\/33\/revisions\/198"}],"wp:attachment":[{"href":"https:\/\/bmarc-conseil.com\/index.php\/wp-json\/wp\/v2\/media?parent=33"}],"curies":[{"name":"wp","href":"https:\/\/api.w.org\/{rel}","templated":true}]}}